{"id":1844,"date":"2014-01-28T12:15:35","date_gmt":"2014-01-28T12:15:35","guid":{"rendered":"http:\/\/webnroll.es\/autobersan\/index.php\/nuestro-taller\/"},"modified":"2018-01-25T08:02:52","modified_gmt":"2018-01-25T08:02:52","slug":"nuestro-taller","status":"publish","type":"page","link":"https:\/\/autobersan.es\/en\/nuestro-taller\/","title":{"rendered":"Our car workshop"},"content":{"rendered":"<p>[vc_row][vc_column width=&#8221;2\/3&#8243;][vc_column_text]<span id=\"result_box\" class=\"\" lang=\"en\" tabindex=\"-1\"><span title=\"Estimado cliente, \">Dear Customer,<\/span><\/span><\/p>\n<p><span title=\"En primer lugar, darle la bienvenida y para que usted nos conozca un poquito mas, comenzaremos por contarle un poquito de nuestra historia y comienza as\u00ed: \">First of all, to welcome you and for you to know us a little more, we will start by telling you a little bit about our story and it starts like this:<\/span><\/p>\n<p><span title=\"Talleres Autobersan, S.L comenz\u00f3 su andadura en el a\u00f1o 1988, en la zona industrial de Altea(Alicante), a 8 kms de Benidorm.\">Talleres Autobusesan, S.L began its journey in 1988, in the industrial zone of Altea (Alicante), 8 km from Benidorm. <\/span><span title=\"Desde entonces hasta hoy hemos ido creciendo creando una clientela fiel de distintas nacionalidades, que ha confiado en nosotros y en nuestro buen hacer, con dedicaci\u00f3n, esfuerzo y un trato cercano, familiar que nos ha permitido seguir trabajando en lo mejor que sabemos hacer, reparar\">From then until today we have been growing creating a loyal clientele of different nationalities, who has trusted in us and in our good work, with dedication, effort and a close, familiar treatment that has allowed us to continue working on the best we can do, to repair <\/span><span title=\"veh\u00edculos de todas las marcas.\">vehicles of all brands. <\/span><span title=\"Tambi\u00e9n somos especialistas en veh\u00edculos japoneses, veh\u00edculos el\u00e9ctricos e h\u00edbridos. \">We are also specialists in Japanese vehicles, electric vehicles and hybrids.<\/span><\/p>\n<p><span title=\"Nuestros servicios son variados, desde mec\u00e1nica en general, chapa y pintura, di\u00e1gnosis di\u00e9sel y gasolina, electricidad..... etc, tambi\u00e9n trabajamos con todas las compa\u00f1\u00edas aseguradoras. \">Our services are varied, from mechanics in general, sheet metal and paint, diesel and gasoline di\u00e1gnosis, electricity &#8230;.. etc, we also work with all insurance companies.<\/span><\/p>\n<p><span title=\"Nuestro objetivo es continuar en la misma direcci\u00f3n;\">Our goal is to continue in the same direction; <\/span><span title=\"y por \u00faltimo, decirle que tanto nuestras instalaciones como nuestro equipo de trabajo quedamos a su disposici\u00f3n;\">and finally, tell you that both our facilities and our team are at your disposal; <\/span><span title=\"y no lo dude su veh\u00edculo estar\u00e1 en ... \u00a1!!\">and do not doubt it your vehicle will be in &#8230; !! <\/span><span title=\"BUENAS MANOS \u00a1\u00a1\u00a1 \">GOOD HANDS<\/span><\/p>\n<p><span title=\"Atentamente, \">Sincerely,<\/span><\/p>\n<p><span title=\"AUTOBERSAN, S.L\">AUTOBERSAN, S.L<\/span>[\/vc_column_text][\/vc_column][vc_column width=&#8221;1\/3&#8243;][vc_empty_space][vc_single_image image=&#8221;1738&#8243; img_size=&#8221;large&#8221; alignment=&#8221;center&#8221; onclick=&#8221;link_image&#8221;][\/vc_column][\/vc_row]<\/p>\n","protected":false},"excerpt":{"rendered":"<p>[vc_row][vc_column width=&#8221;2\/3&#8243;][vc_column_text]Dear Customer, First of all, to welcome you and for you to know us a little more, we will start by telling you a little bit about our story and it starts like this: Talleres Autobusesan, S.L began its journey in 1988, in the industrial zone of Altea (Alicante), 8 km from Benidorm. From [&hellip;]<\/p>\n","protected":false},"author":1,"featured_media":0,"parent":0,"menu_order":0,"comment_status":"open","ping_status":"open","template":"","meta":{"om_disable_all_campaigns":false,"footnotes":""},"class_list":["post-1844","page","type-page","status-publish","hentry"],"_links":{"self":[{"href":"https:\/\/autobersan.es\/en\/wp-json\/wp\/v2\/pages\/1844"}],"collection":[{"href":"https:\/\/autobersan.es\/en\/wp-json\/wp\/v2\/pages"}],"about":[{"href":"https:\/\/autobersan.es\/en\/wp-json\/wp\/v2\/types\/page"}],"author":[{"embeddable":true,"href":"https:\/\/autobersan.es\/en\/wp-json\/wp\/v2\/users\/1"}],"replies":[{"embeddable":true,"href":"https:\/\/autobersan.es\/en\/wp-json\/wp\/v2\/comments?post=1844"}],"version-history":[{"count":1,"href":"https:\/\/autobersan.es\/en\/wp-json\/wp\/v2\/pages\/1844\/revisions"}],"predecessor-version":[{"id":1885,"href":"https:\/\/autobersan.es\/en\/wp-json\/wp\/v2\/pages\/1844\/revisions\/1885"}],"wp:attachment":[{"href":"https:\/\/autobersan.es\/en\/wp-json\/wp\/v2\/media?parent=1844"}],"curies":[{"name":"wp","href":"https:\/\/api.w.org\/{rel}","templated":true}]}}